{"id":80,"date":"2019-12-10T09:11:03","date_gmt":"2019-12-10T14:11:03","guid":{"rendered":"http:\/\/www.grade.org.pe\/creer\/?page_id=80"},"modified":"2020-05-21T13:15:28","modified_gmt":"2020-05-21T18:15:28","slug":"que-se-esta-haciendo-actualmente","status":"publish","type":"page","link":"https:\/\/www.grade.org.pe\/creer\/educacion-rural-en-el-peru\/que-se-esta-haciendo-actualmente\/","title":{"rendered":"\u00bfQu\u00e9 se est\u00e1 haciendo actualmente?"},"content":{"rendered":"","protected":false},"excerpt":{"rendered":"","protected":false},"author":1,"featured_media":0,"parent":14,"menu_order":9,"comment_status":"closed","ping_status":"closed","template":"","meta":{"footnotes":""},"class_list":["post-80","page","type-page","status-publish","hentry"],"acf":[],"yoast_head":"<!-- This site is optimized with the Yoast SEO plugin v26.9 - https:\/\/yoast.com\/product\/yoast-seo-wordpress\/ -->\n<title>\u00bfQu\u00e9 se est\u00e1 haciendo actualmente? - Proyecto CREER<\/title>\n<meta name=\"description\" content=\"Ministerio de Educaci\u00f3n - Pol\u00edtica de Atenci\u00f3n Educativa para la Poblaci\u00f3n de \u00c1mbitos Rurales \/ Unicef \/ Unesco - Programa Horizontes \/ Consejo Nacional de Educaci\u00f3n - Proyecto Educativo Nacional al 2036 \/ Defensor\u00eda del Pueblo - Una aproximaci\u00f3n a la gesti\u00f3n de la escuela primaria multigrado de \u00e1mbitos rurales. Recomendaciones para su fortalecimiento \/ Tarea \/ Enacci\u00f3n - Revista Educacci\u00f3n \/ Edugestores - La Red Peruana de Gestores de la Educaci\u00f3n \/ F\u00e9 y Alegr\u00eda - fortalecimiento de la educaci\u00f3n rural en el Per\u00fa \/ PUCP - Edades de la Vida y Educaci\u00f3n (EVE) \/ Mesa de Concertaci\u00f3n de Lucha contra la Pobreza \/ IEP \/ FONDEP \/ FORMABIAP \/ Practical Action - Futuros Brillantes\" \/>\n<meta name=\"robots\" content=\"index, follow, max-snippet:-1, max-image-preview:large, max-video-preview:-1\" \/>\n<link rel=\"canonical\" href=\"https:\/\/www.grade.org.pe\/creer\/educacion-rural-en-el-peru\/que-se-esta-haciendo-actualmente\/\" \/>\n<meta property=\"og:locale\" content=\"es_ES\" \/>\n<meta property=\"og:type\" content=\"article\" \/>\n<meta property=\"og:title\" content=\"\u00bfQu\u00e9 se est\u00e1 haciendo actualmente? - Proyecto CREER\" \/>\n<meta property=\"og:description\" content=\"Ministerio de Educaci\u00f3n - Pol\u00edtica de Atenci\u00f3n Educativa para la Poblaci\u00f3n de \u00c1mbitos Rurales \/ Unicef \/ Unesco - Programa Horizontes \/ Consejo Nacional de Educaci\u00f3n - Proyecto Educativo Nacional al 2036 \/ Defensor\u00eda del Pueblo - Una aproximaci\u00f3n a la gesti\u00f3n de la escuela primaria multigrado de \u00e1mbitos rurales. Recomendaciones para su fortalecimiento \/ Tarea \/ Enacci\u00f3n - Revista Educacci\u00f3n \/ Edugestores - La Red Peruana de Gestores de la Educaci\u00f3n \/ F\u00e9 y Alegr\u00eda - fortalecimiento de la educaci\u00f3n rural en el Per\u00fa \/ PUCP - Edades de la Vida y Educaci\u00f3n (EVE) \/ Mesa de Concertaci\u00f3n de Lucha contra la Pobreza \/ IEP \/ FONDEP \/ FORMABIAP \/ Practical Action - Futuros Brillantes\" \/>\n<meta property=\"og:url\" content=\"https:\/\/www.grade.org.pe\/creer\/educacion-rural-en-el-peru\/que-se-esta-haciendo-actualmente\/\" \/>\n<meta property=\"og:site_name\" content=\"Proyecto CREER\" \/>\n<meta property=\"article:publisher\" content=\"https:\/\/www.facebook.com\/creergrade\/\" \/>\n<meta property=\"article:modified_time\" content=\"2020-05-21T18:15:28+00:00\" \/>\n<meta name=\"twitter:card\" content=\"summary_large_image\" \/>\n<script type=\"application\/ld+json\" class=\"yoast-schema-graph\">{\"@context\":\"https:\/\/schema.org\",\"@graph\":[{\"@type\":\"WebPage\",\"@id\":\"https:\/\/www.grade.org.pe\/creer\/educacion-rural-en-el-peru\/que-se-esta-haciendo-actualmente\/\",\"url\":\"https:\/\/www.grade.org.pe\/creer\/educacion-rural-en-el-peru\/que-se-esta-haciendo-actualmente\/\",\"name\":\"\u00bfQu\u00e9 se est\u00e1 haciendo actualmente? - Proyecto CREER\",\"isPartOf\":{\"@id\":\"https:\/\/www.grade.org.pe\/creer\/#website\"},\"datePublished\":\"2019-12-10T14:11:03+00:00\",\"dateModified\":\"2020-05-21T18:15:28+00:00\",\"description\":\"Ministerio de Educaci\u00f3n - Pol\u00edtica de Atenci\u00f3n Educativa para la Poblaci\u00f3n de \u00c1mbitos Rurales \/ Unicef \/ Unesco - Programa Horizontes \/ Consejo Nacional de Educaci\u00f3n - Proyecto Educativo Nacional al 2036 \/ Defensor\u00eda del Pueblo - Una aproximaci\u00f3n a la gesti\u00f3n de la escuela primaria multigrado de \u00e1mbitos rurales. Recomendaciones para su fortalecimiento \/ Tarea \/ Enacci\u00f3n - Revista Educacci\u00f3n \/ Edugestores - La Red Peruana de Gestores de la Educaci\u00f3n \/ F\u00e9 y Alegr\u00eda - fortalecimiento de la educaci\u00f3n rural en el Per\u00fa \/ PUCP - Edades de la Vida y Educaci\u00f3n (EVE) \/ Mesa de Concertaci\u00f3n de Lucha contra la Pobreza \/ IEP \/ FONDEP \/ FORMABIAP \/ Practical Action - Futuros Brillantes\",\"breadcrumb\":{\"@id\":\"https:\/\/www.grade.org.pe\/creer\/educacion-rural-en-el-peru\/que-se-esta-haciendo-actualmente\/#breadcrumb\"},\"inLanguage\":\"es\",\"potentialAction\":[{\"@type\":\"ReadAction\",\"target\":[\"https:\/\/www.grade.org.pe\/creer\/educacion-rural-en-el-peru\/que-se-esta-haciendo-actualmente\/\"]}]},{\"@type\":\"BreadcrumbList\",\"@id\":\"https:\/\/www.grade.org.pe\/creer\/educacion-rural-en-el-peru\/que-se-esta-haciendo-actualmente\/#breadcrumb\",\"itemListElement\":[{\"@type\":\"ListItem\",\"position\":1,\"name\":\"Portada\",\"item\":\"https:\/\/www.grade.org.pe\/creer\/\"},{\"@type\":\"ListItem\",\"position\":2,\"name\":\"Educaci\u00f3n Rural en el Per\u00fa\",\"item\":\"https:\/\/www.grade.org.pe\/creer\/educacion-rural-en-el-peru\/\"},{\"@type\":\"ListItem\",\"position\":3,\"name\":\"\u00bfQu\u00e9 se est\u00e1 haciendo actualmente?\"}]},{\"@type\":\"WebSite\",\"@id\":\"https:\/\/www.grade.org.pe\/creer\/#website\",\"url\":\"https:\/\/www.grade.org.pe\/creer\/\",\"name\":\"Proyecto CREER\",\"description\":\"Creciendo con las Escuelas Rurales Multigrado del Per\u00fa\",\"publisher\":{\"@id\":\"https:\/\/www.grade.org.pe\/creer\/#organization\"},\"potentialAction\":[{\"@type\":\"SearchAction\",\"target\":{\"@type\":\"EntryPoint\",\"urlTemplate\":\"https:\/\/www.grade.org.pe\/creer\/?s={search_term_string}\"},\"query-input\":{\"@type\":\"PropertyValueSpecification\",\"valueRequired\":true,\"valueName\":\"search_term_string\"}}],\"inLanguage\":\"es\"},{\"@type\":\"Organization\",\"@id\":\"https:\/\/www.grade.org.pe\/creer\/#organization\",\"name\":\"Proyecto CREER\",\"url\":\"https:\/\/www.grade.org.pe\/creer\/\",\"logo\":{\"@type\":\"ImageObject\",\"inLanguage\":\"es\",\"@id\":\"https:\/\/www.grade.org.pe\/creer\/#\/schema\/logo\/image\/\",\"url\":\"https:\/\/www.grade.org.pe\/creer\/archivos\/logo-creer.png\",\"contentUrl\":\"https:\/\/www.grade.org.pe\/creer\/archivos\/logo-creer.png\",\"width\":802,\"height\":258,\"caption\":\"Proyecto CREER\"},\"image\":{\"@id\":\"https:\/\/www.grade.org.pe\/creer\/#\/schema\/logo\/image\/\"},\"sameAs\":[\"https:\/\/www.facebook.com\/creergrade\/\"]}]}<\/script>\n<!-- \/ Yoast SEO plugin. -->","yoast_head_json":{"title":"\u00bfQu\u00e9 se est\u00e1 haciendo actualmente? - Proyecto CREER","description":"Ministerio de Educaci\u00f3n - Pol\u00edtica de Atenci\u00f3n Educativa para la Poblaci\u00f3n de \u00c1mbitos Rurales \/ Unicef \/ Unesco - Programa Horizontes \/ Consejo Nacional de Educaci\u00f3n - Proyecto Educativo Nacional al 2036 \/ Defensor\u00eda del Pueblo - Una aproximaci\u00f3n a la gesti\u00f3n de la escuela primaria multigrado de \u00e1mbitos rurales. Recomendaciones para su fortalecimiento \/ Tarea \/ Enacci\u00f3n - Revista Educacci\u00f3n \/ Edugestores - La Red Peruana de Gestores de la Educaci\u00f3n \/ F\u00e9 y Alegr\u00eda - fortalecimiento de la educaci\u00f3n rural en el Per\u00fa \/ PUCP - Edades de la Vida y Educaci\u00f3n (EVE) \/ Mesa de Concertaci\u00f3n de Lucha contra la Pobreza \/ IEP \/ FONDEP \/ FORMABIAP \/ Practical Action - Futuros Brillantes","robots":{"index":"index","follow":"follow","max-snippet":"max-snippet:-1","max-image-preview":"max-image-preview:large","max-video-preview":"max-video-preview:-1"},"canonical":"https:\/\/www.grade.org.pe\/creer\/educacion-rural-en-el-peru\/que-se-esta-haciendo-actualmente\/","og_locale":"es_ES","og_type":"article","og_title":"\u00bfQu\u00e9 se est\u00e1 haciendo actualmente? - Proyecto CREER","og_description":"Ministerio de Educaci\u00f3n - Pol\u00edtica de Atenci\u00f3n Educativa para la Poblaci\u00f3n de \u00c1mbitos Rurales \/ Unicef \/ Unesco - Programa Horizontes \/ Consejo Nacional de Educaci\u00f3n - Proyecto Educativo Nacional al 2036 \/ Defensor\u00eda del Pueblo - Una aproximaci\u00f3n a la gesti\u00f3n de la escuela primaria multigrado de \u00e1mbitos rurales. Recomendaciones para su fortalecimiento \/ Tarea \/ Enacci\u00f3n - Revista Educacci\u00f3n \/ Edugestores - La Red Peruana de Gestores de la Educaci\u00f3n \/ F\u00e9 y Alegr\u00eda - fortalecimiento de la educaci\u00f3n rural en el Per\u00fa \/ PUCP - Edades de la Vida y Educaci\u00f3n (EVE) \/ Mesa de Concertaci\u00f3n de Lucha contra la Pobreza \/ IEP \/ FONDEP \/ FORMABIAP \/ Practical Action - Futuros Brillantes","og_url":"https:\/\/www.grade.org.pe\/creer\/educacion-rural-en-el-peru\/que-se-esta-haciendo-actualmente\/","og_site_name":"Proyecto CREER","article_publisher":"https:\/\/www.facebook.com\/creergrade\/","article_modified_time":"2020-05-21T18:15:28+00:00","twitter_card":"summary_large_image","schema":{"@context":"https:\/\/schema.org","@graph":[{"@type":"WebPage","@id":"https:\/\/www.grade.org.pe\/creer\/educacion-rural-en-el-peru\/que-se-esta-haciendo-actualmente\/","url":"https:\/\/www.grade.org.pe\/creer\/educacion-rural-en-el-peru\/que-se-esta-haciendo-actualmente\/","name":"\u00bfQu\u00e9 se est\u00e1 haciendo actualmente? - Proyecto CREER","isPartOf":{"@id":"https:\/\/www.grade.org.pe\/creer\/#website"},"datePublished":"2019-12-10T14:11:03+00:00","dateModified":"2020-05-21T18:15:28+00:00","description":"Ministerio de Educaci\u00f3n - Pol\u00edtica de Atenci\u00f3n Educativa para la Poblaci\u00f3n de \u00c1mbitos Rurales \/ Unicef \/ Unesco - Programa Horizontes \/ Consejo Nacional de Educaci\u00f3n - Proyecto Educativo Nacional al 2036 \/ Defensor\u00eda del Pueblo - Una aproximaci\u00f3n a la gesti\u00f3n de la escuela primaria multigrado de \u00e1mbitos rurales. Recomendaciones para su fortalecimiento \/ Tarea \/ Enacci\u00f3n - Revista Educacci\u00f3n \/ Edugestores - La Red Peruana de Gestores de la Educaci\u00f3n \/ F\u00e9 y Alegr\u00eda - fortalecimiento de la educaci\u00f3n rural en el Per\u00fa \/ PUCP - Edades de la Vida y Educaci\u00f3n (EVE) \/ Mesa de Concertaci\u00f3n de Lucha contra la Pobreza \/ IEP \/ FONDEP \/ FORMABIAP \/ Practical Action - Futuros Brillantes","breadcrumb":{"@id":"https:\/\/www.grade.org.pe\/creer\/educacion-rural-en-el-peru\/que-se-esta-haciendo-actualmente\/#breadcrumb"},"inLanguage":"es","potentialAction":[{"@type":"ReadAction","target":["https:\/\/www.grade.org.pe\/creer\/educacion-rural-en-el-peru\/que-se-esta-haciendo-actualmente\/"]}]},{"@type":"BreadcrumbList","@id":"https:\/\/www.grade.org.pe\/creer\/educacion-rural-en-el-peru\/que-se-esta-haciendo-actualmente\/#breadcrumb","itemListElement":[{"@type":"ListItem","position":1,"name":"Portada","item":"https:\/\/www.grade.org.pe\/creer\/"},{"@type":"ListItem","position":2,"name":"Educaci\u00f3n Rural en el Per\u00fa","item":"https:\/\/www.grade.org.pe\/creer\/educacion-rural-en-el-peru\/"},{"@type":"ListItem","position":3,"name":"\u00bfQu\u00e9 se est\u00e1 haciendo actualmente?"}]},{"@type":"WebSite","@id":"https:\/\/www.grade.org.pe\/creer\/#website","url":"https:\/\/www.grade.org.pe\/creer\/","name":"Proyecto CREER","description":"Creciendo con las Escuelas Rurales Multigrado del Per\u00fa","publisher":{"@id":"https:\/\/www.grade.org.pe\/creer\/#organization"},"potentialAction":[{"@type":"SearchAction","target":{"@type":"EntryPoint","urlTemplate":"https:\/\/www.grade.org.pe\/creer\/?s={search_term_string}"},"query-input":{"@type":"PropertyValueSpecification","valueRequired":true,"valueName":"search_term_string"}}],"inLanguage":"es"},{"@type":"Organization","@id":"https:\/\/www.grade.org.pe\/creer\/#organization","name":"Proyecto CREER","url":"https:\/\/www.grade.org.pe\/creer\/","logo":{"@type":"ImageObject","inLanguage":"es","@id":"https:\/\/www.grade.org.pe\/creer\/#\/schema\/logo\/image\/","url":"https:\/\/www.grade.org.pe\/creer\/archivos\/logo-creer.png","contentUrl":"https:\/\/www.grade.org.pe\/creer\/archivos\/logo-creer.png","width":802,"height":258,"caption":"Proyecto CREER"},"image":{"@id":"https:\/\/www.grade.org.pe\/creer\/#\/schema\/logo\/image\/"},"sameAs":["https:\/\/www.facebook.com\/creergrade\/"]}]}},"_links":{"self":[{"href":"https:\/\/www.grade.org.pe\/creer\/wp-json\/wp\/v2\/pages\/80","targetHints":{"allow":["GET"]}}],"collection":[{"href":"https:\/\/www.grade.org.pe\/creer\/wp-json\/wp\/v2\/pages"}],"about":[{"href":"https:\/\/www.grade.org.pe\/creer\/wp-json\/wp\/v2\/types\/page"}],"author":[{"embeddable":true,"href":"https:\/\/www.grade.org.pe\/creer\/wp-json\/wp\/v2\/users\/1"}],"replies":[{"embeddable":true,"href":"https:\/\/www.grade.org.pe\/creer\/wp-json\/wp\/v2\/comments?post=80"}],"version-history":[{"count":4,"href":"https:\/\/www.grade.org.pe\/creer\/wp-json\/wp\/v2\/pages\/80\/revisions"}],"predecessor-version":[{"id":397,"href":"https:\/\/www.grade.org.pe\/creer\/wp-json\/wp\/v2\/pages\/80\/revisions\/397"}],"up":[{"embeddable":true,"href":"https:\/\/www.grade.org.pe\/creer\/wp-json\/wp\/v2\/pages\/14"}],"wp:attachment":[{"href":"https:\/\/www.grade.org.pe\/creer\/wp-json\/wp\/v2\/media?parent=80"}],"curies":[{"name":"wp","href":"https:\/\/api.w.org\/{rel}","templated":true}]}}