{"id":78,"date":"2019-12-10T09:10:43","date_gmt":"2019-12-10T14:10:43","guid":{"rendered":"http:\/\/www.grade.org.pe\/creer\/?page_id=78"},"modified":"2020-05-21T13:10:17","modified_gmt":"2020-05-21T18:10:17","slug":"cifras","status":"publish","type":"page","link":"https:\/\/www.grade.org.pe\/creer\/educacion-rural-en-el-peru\/cifras\/","title":{"rendered":"Cifras sobre la educaci\u00f3n rural en el Per\u00fa"},"content":{"rendered":"<p>Necesidades B\u00e1sicas Insatisfechas (NBI): Altos niveles de incidencia de hogares con viviendas sin servicios higi\u00e9nicos <strong>(22,7%),<\/strong> hogares con vivienda con hacinamiento con (<strong>8,1%),<\/strong> hogares con vivienda inadecuada <strong>(11,2%)<\/strong> (INEI: ENAHO 2016).<\/p>\n<p>Las zonas rurales tienen un escaso acceso a servicios b\u00e1sicos como el <strong>agua potable<\/strong> <strong>(68,9%)<\/strong>, <strong>electricidad<\/strong> <strong>(78,9%)<\/strong> y <strong>saneamiento (44,7%);<\/strong> s\u00f3lo un 28.2% accede al conjunto de estos tres servicios vs un 82,6% de los urbanos (INEI: ENAHO 2016). El <strong>73,1 %<\/strong> de hogares en la zona rural contaba con al menos un miembro con un tel\u00e9fono celular, lo que en parte remedia el limitado acceso a la telefon\u00eda por cable, que llega solo al <strong>8,6 %.<\/strong> A su vez, el <strong>acceso a internet<\/strong> llega apenas al <strong>1 %<\/strong> vs un <strong>30.2%<\/strong> de la zona urbana. Si hablamos de las<\/p>\n<p>La lengua materna m\u00e1s hablada por el sector rural es el <strong>castellano <\/strong>con un <strong>61,8%,<\/strong> siendo precedido por el <strong>quechua<\/strong> con <strong>37,4<\/strong>%. (INEI: Censo de Poblaci\u00f3n y Vivienda 2017).<\/p>\n<p>Es importante tambi\u00e9n precisar que, el Instituto Nacional de Estad\u00edstica e Inform\u00e1tica (INEI) considera, en cuanto a las mediciones y generaci\u00f3n de indicadores, que el \u00e1rea rural o centro poblado rural es aquel que no tiene m\u00e1s de 100 viviendas agrupadas contiguamente, ni es capital de distrito; o que, teniendo m\u00e1s de 100 viviendas, estas se encuentran dispersas o diseminadas sin formar bloques o n\u00facleos (INEI, 1993). Esta definici\u00f3n plantea lo urbano y rural como una dicotom\u00eda, sin contemplar los constantes cambios e interrelaciones que confluyen a trav\u00e9s de ambos espacios. Sin embargo, El proceso migratorio de lo rural hacia la capital, a mediados y finales del siglo XX, ha generado un estancamiento en el crecimiento de la poblaci\u00f3n rural llegando solo al 0,01% entre los a\u00f1os 1993 a 2007. Las familias rurales migran en busca de mejores oportunidades de trabajo, educaci\u00f3n y salud, determinando nuevos tipos de interrelaciones, basadas en cambios en la cadena productiva, estructuraci\u00f3n de mercados y la interdependencia social, pol\u00edtica y econ\u00f3mica, entre lo rural y lo urbano.<\/p>\n<p>Este contexto cambiante, que supera las nociones tradicionales, implica desarrollar una nueva conceptualizaci\u00f3n sobre lo rural, entendida como la\u00a0interrelaci\u00f3n m\u00faltiple entre espacios urbanos y rurales, considerando, los cambios o transformaciones que se generan y situando el an\u00e1lisis en la relaci\u00f3n de estos sectores, la circulaci\u00f3n de agentes, la presencia de actividades no agropecuarias en el campo, entre otras. Esto implica nuevas miradas para comprender la diversidad en su complejidad y desde la perspectiva territorial e intercultural, lo que hoy en d\u00eda se denomina la \u201c<strong>nueva ruralidad<\/strong>\u201d (Diez, 2014: 23).<\/p>\n<h2>Lo educativo<\/h2>\n<p>&nbsp;<\/p>\n<p><img loading=\"lazy\" decoding=\"async\" class=\"alignnone size-medium wp-image-392\" src=\"https:\/\/www.grade.org.pe\/creer\/archivos\/VFEducaci\u00f3n-en-ambitos-rurales-3-537x600.jpg\" alt=\"\" width=\"537\" height=\"600\" srcset=\"https:\/\/www.grade.org.pe\/creer\/archivos\/VFEducaci\u00f3n-en-ambitos-rurales-3-537x600.jpg 537w, https:\/\/www.grade.org.pe\/creer\/archivos\/VFEducaci\u00f3n-en-ambitos-rurales-3-1075x1200.jpg 1075w, https:\/\/www.grade.org.pe\/creer\/archivos\/VFEducaci\u00f3n-en-ambitos-rurales-3-768x858.jpg 768w, https:\/\/www.grade.org.pe\/creer\/archivos\/VFEducaci\u00f3n-en-ambitos-rurales-3.jpg 1080w\" sizes=\"auto, (max-width: 537px) 100vw, 537px\" \/><\/p>\n<p>&nbsp;<\/p>\n<p>En el nivel <strong>inicial<\/strong> se cuenta con <strong>24 467 instituciones educativas<\/strong> que atienden a 291 305 estudiantes, asistidos por 17 657 docentes; en el nivel <strong>primario<\/strong> la cifra de instituciones educativas disminuye a <strong>22 148<\/strong> pero el n\u00famero de estudiantes se incrementa a 664 008, aumentando tambi\u00e9n el n\u00famero de docentes a 48 941. Por el contrario, en el nivel secundario el n\u00famero de instituciones disminuye radicalmente a 3 923 para atender a 265 150 estudiantes con 28 878 docentes. Para el caso de personas con discapacidad, solo 8 de los 500 Centros de Educaci\u00f3n B\u00e1sica Especial del pa\u00eds se encuentran en zonas rurales, contando solo con 65 personas matriculadas.<\/p>\n<p>A nivel de retraso escolar, el 24% a nivel secundario en el \u00e1rea rural es tres veces mayor que el del \u00e1rea urbana (7,4%) (MINEDU, ESCALE 2016); situaci\u00f3n que se agrava cuando los estudiantes cuentan con alguna condici\u00f3n de discapacidad donde del 40,4% de estudiantes que han alcanzado la primaria, solo el 23,2% de este total es del \u00e1rea rural. Asimismo, del 22,4% de personas con discapacidad que cuentan con educaci\u00f3n secundaria, solo el 9,2% son del \u00e1mbito rural.<\/p>\n<p>La tasa de <strong>deserci\u00f3n escolar<\/strong> en el \u00e1mbito rural, sin contar con la informaci\u00f3n proveniente de las IIEE ubicadas en territorios de ruralidad 1, es de 1.7% en el nivel inicial, 5.2% a nivel de PRONOEI, 3.0% a nivel primaria y 5.2% a nivel de secundaria (MINEDU: SIAGIE 2017).<\/p>\n<p>En el \u00e1mbito rural las mujeres representan la poblaci\u00f3n con la tasa m\u00e1s alta de deserci\u00f3n (8.6%) en comparaci\u00f3n con los hombres (6%). El retiro de las estudiantes mujeres de \u00e1reas rurales de la escuela se da por <strong>\u201cmotivos familiares\u201d o \u201cquehaceres dom\u00e9sticos\u201d<\/strong> (38 %), mientras que dicho motivo para el caso de los hombres es menor (7 %) (INEI, 2015). En el caso de los estudiantes con lengua ind\u00edgena, se ha observado que la tasa de retiro es m\u00e1s elevada (9,1 %) (MINEDU, 2016).<\/p>\n<p>La <strong>poblaci\u00f3n adulta que no ha culminado la educaci\u00f3n b\u00e1sica regular<\/strong> y que deber\u00eda ser atendida por la educaci\u00f3n b\u00e1sica alternativa se estima en <strong>9 millones de personas<\/strong> a nivel nacional aproximadamente, lo que demuestra una amplia demanda de educaci\u00f3n para la poblaci\u00f3n adulta no atendida. 3 315 666 personas en el \u00e1mbito rural no han iniciado o culminado la educaci\u00f3n b\u00e1sica (ENAHO 2016). De este total, cerca de 700 000 son analfabetos absolutos, alrededor de 1 129 000 no culminaron el nivel de primaria, y 1 500 000 no culmin\u00f3 el nivel secundario, aproximadamente.<\/p>\n<p>En cuanto a rendimiento escolar encontramos resultados desalentadores en el \u00e1mbito rural, seg\u00fan la ECE 2018 s\u00f3lo <strong>13<\/strong><strong>%<\/strong> de los estudiantes de cuarto grado logr\u00f3 puntajes satisfactorios tanto en comprensi\u00f3n de lectura como en matem\u00e1ticas Aquellos que lograron un nivel por debajo del m\u00ednimo previsto fue de 31% para lectura y 26% en matem\u00e1ticas.<\/p>\n<p>Si hablamos de la situaci\u00f3n de las escuelas rurales multigrado castellano hablantes primarias, encontramos lo siguiente:<\/p>\n<div class=\"table-responsive\">\n<table id=\"tabla-1\" class=\"table table-bordered\">\n<tbody>\n<tr>\n<th rowspan=\"3\">MONOLINGUE<\/th>\n<th rowspan=\"2\">Tipo de IE<\/th>\n<th colspan=\"4\">ACOMPA\u00d1ADAS 2019*<\/th>\n<th colspan=\"4\">NO ACOMPA\u00d1ADAS 2019<\/th>\n<\/tr>\n<tr>\n<th>N\u00ba IE<\/th>\n<th>%<\/th>\n<th>N\u00ba DOCENTES<\/th>\n<th>N\u00ba ESTUDIANTES<\/th>\n<th>N\u00ba IE<\/th>\n<th>%<\/th>\n<th>N\u00ba DOCENTES<\/th>\n<th>N\u00ba ESTUDIANTES<\/th>\n<\/tr>\n<tr>\n<th>Multigrado y Unidocente<\/th>\n<td>3,944<\/td>\n<td><\/td>\n<td>7,714<\/td>\n<td>109,092<\/td>\n<td>8151<\/td>\n<td><\/td>\n<td>14,401<\/td>\n<td>188,618<\/td>\n<\/tr>\n<\/tbody>\n<\/table>\n<\/div>\n<p>Fuente: <strong>Censo Educativo 2018<\/strong><br \/>\n<em>* Incluye 618 II EE EIB y urbanas<\/em><\/p>\n<p>Existen actualmente 12 095 IIEE multigrado y unidocentes en el pa\u00eds, con 22 115 docentes que atienden a 297 710 estudiantes.<\/p>\n<p>Este grupo de IIEE a su vez arroja los siguientes resultados:<\/p>\n<div class=\"table-responsive\">\n<table id=\"table-2\" class=\"table table-bordered\">\n<tbody>\n<tr>\n<th class=\"text-left\" rowspan=\"2\">INDICADORES<\/p>\n<p>2018<\/th>\n<th colspan=\"2\">Total %<\/th>\n<th colspan=\"2\">1er grado %<\/th>\n<th colspan=\"2\">2do grado %<\/th>\n<th colspan=\"2\">3er grado %<\/th>\n<th colspan=\"2\">4to grado %<\/th>\n<th colspan=\"2\">5to grado %<\/th>\n<th colspan=\"2\">6to grado %<\/th>\n<\/tr>\n<tr>\n<th class=\"even\">Urbano<\/th>\n<th class=\"odd\">Rural<\/th>\n<th class=\"even\">Urbano<\/th>\n<th class=\"odd\">Rural<\/th>\n<th class=\"even\">Urbano<\/th>\n<th class=\"odd\">Rural<\/th>\n<th class=\"even\">Urbano<\/th>\n<th class=\"odd\">Rural<\/th>\n<th class=\"even\">Urbano<\/th>\n<th class=\"odd\">Rural<\/th>\n<th class=\"even\">Urbano<\/th>\n<th class=\"odd\">Rural<\/th>\n<th class=\"even\">Urbano<\/th>\n<th class=\"odd\">Rural<\/th>\n<\/tr>\n<tr>\n<th class=\"text-left\">PORCENTAJE DE REPETIDORES<\/p>\n<p>2018<\/th>\n<td>2.1<\/td>\n<td class=\"odd\">5.8<\/td>\n<td>0.1<\/td>\n<td class=\"odd\">0.3<\/td>\n<td>4.4<\/td>\n<td class=\"odd\">11<\/td>\n<td>3<\/td>\n<td class=\"odd\">8.9<\/td>\n<td>2.1<\/td>\n<td class=\"odd\">6.1<\/td>\n<td>1.8<\/td>\n<td class=\"odd\">4.8<\/td>\n<td>0.7<\/td>\n<td class=\"odd\">2.1<\/td>\n<\/tr>\n<tr>\n<th class=\"text-left\">ATRASO ESCOLAR<\/p>\n<p>2018<\/th>\n<td>3.0<\/td>\n<td class=\"odd\">10.9<\/td>\n<td>0.4<\/td>\n<td class=\"odd\">1.4<\/td>\n<td>1.9<\/td>\n<td class=\"odd\">5.8<\/td>\n<td>2.8<\/td>\n<td class=\"odd\">10.1<\/td>\n<td>3.7<\/td>\n<td class=\"odd\">13.4<\/td>\n<td>4.7<\/td>\n<td class=\"odd\">16.6<\/td>\n<td>4.9<\/td>\n<td class=\"odd\">18.3<\/td>\n<\/tr>\n<\/tbody>\n<\/table>\n<\/div>\n<div class=\"table-responsive\">\n<table id=\"table-3\" class=\"table table-bordered\">\n<tbody>\n<tr>\n<th class=\"text-left\">Indicador 2018<\/th>\n<th>Urbana %<\/th>\n<th class=\"odd\">Rural %<\/th>\n<\/tr>\n<tr>\n<th class=\"text-left\">Deserci\u00f3n escolar en primaria<\/th>\n<td>1.2<\/td>\n<td class=\"odd\">3.5<\/td>\n<\/tr>\n<tr>\n<th class=\"text-left\">Culminaci\u00f3n de primaria de 12 a 13 a\u00f1os<\/th>\n<td>90.6<\/td>\n<td class=\"odd\">78.6<\/td>\n<\/tr>\n<\/tbody>\n<\/table>\n<\/div>\n<p><em>Fuente: <strong>Escale 2018<\/strong><\/em><\/p>\n<div class=\"table-responsive\">\n<table id=\"table-4\" class=\"table table-bordered\">\n<tbody>\n<tr>\n<th class=\"text-left\" rowspan=\"2\">2018<\/th>\n<th colspan=\"2\">2do grado %<\/th>\n<th colspan=\"2\">2do grado %<\/th>\n<th colspan=\"2\">4to grado %<\/th>\n<th colspan=\"2\">4to grado %<\/th>\n<\/tr>\n<tr>\n<th class=\"even\">Urbano<\/th>\n<th class=\"odd\">Rural<\/th>\n<th class=\"even\">Urbano<\/th>\n<th class=\"odd\">Rural<\/th>\n<th class=\"even\">Urbano<\/th>\n<th class=\"odd\">Rural<\/th>\n<th class=\"even\">Urbano<\/th>\n<th class=\"odd\">Rural<\/th>\n<\/tr>\n<tr>\n<th class=\"text-left\">PORCENTAJE DE LOGROS<br \/>\nDE APRENDIZAJE<br \/>\n(NIVEL SATISFACTORIO)<\/th>\n<td>41.0<\/td>\n<td class=\"odd\">13.0<\/td>\n<td>15.3<\/td>\n<td class=\"odd\">9.3<\/td>\n<td>37.8<\/td>\n<td class=\"odd\">13.0<\/td>\n<td>33.1<\/td>\n<td class=\"odd\">13.0<\/td>\n<\/tr>\n<tr>\n<th class=\"text-left\">BRECHA EN LOGROS<br \/>\nDE APRENDIZAJE<\/th>\n<td colspan=\"2\">28<\/td>\n<td colspan=\"2\">6<\/td>\n<td colspan=\"2\">24.8<\/td>\n<td colspan=\"2\">20<\/td>\n<\/tr>\n<\/tbody>\n<\/table>\n<\/div>\n<p><em>Fuente: <strong>ECE 2018<\/strong><\/em><\/p>\n<h2>G\u00e9nero<\/h2>\n<p>&nbsp;<\/p>\n<p><img loading=\"lazy\" decoding=\"async\" class=\"alignnone size-medium wp-image-393\" src=\"https:\/\/www.grade.org.pe\/creer\/archivos\/VFBrechas-de-g\u00e9nero-3-537x600.jpg\" alt=\"\" width=\"537\" height=\"600\" srcset=\"https:\/\/www.grade.org.pe\/creer\/archivos\/VFBrechas-de-g\u00e9nero-3-537x600.jpg 537w, https:\/\/www.grade.org.pe\/creer\/archivos\/VFBrechas-de-g\u00e9nero-3-1075x1200.jpg 1075w, https:\/\/www.grade.org.pe\/creer\/archivos\/VFBrechas-de-g\u00e9nero-3-768x858.jpg 768w, https:\/\/www.grade.org.pe\/creer\/archivos\/VFBrechas-de-g\u00e9nero-3.jpg 1080w\" sizes=\"auto, (max-width: 537px) 100vw, 537px\" \/><\/p>\n<p>&nbsp;<\/p>\n<p><strong>8.7%<\/strong> de la poblaci\u00f3n femenina de 15 y m\u00e1s a\u00f1os de edad son <strong>analfabetas<\/strong>, mientras que en la poblaci\u00f3n masculina\u00a0es de 3%. En <strong>zonas rurales<\/strong> el % de mujeres analfabetas sube a un <strong>23.5% (ENAHO, 2017)<\/strong><\/p>\n<p>Las mujeres <strong>ganan en promedio 29.2% menos que los hombres trabajando <\/strong>incluso m\u00e1s horas que ellos. Adem\u00e1s el 30% de las mujeres peruanas entre los 14 y 29 a\u00f1os <strong>no tienen ingresos propios <\/strong>y dependen econ\u00f3micamente de un hombre y en zonas rurales este % se eleva al <strong>46%<\/strong> (INEI, 2017)<\/p>\n<p>Del total de adolescentes mujeres (15 a 19 a\u00f1os), el 12,6% ya estuvo alguna vez embarazada (Endes, 2018)<\/p>\n<p>Por \u00e1rea de residencia, el porcentaje de adolescentes alguna vez embarazadas del \u00e1rea rural <strong>(22,7%)<\/strong> fue mayor en 12,6 puntos porcentuales respecto del \u00e1rea urbana (10,1%). (Endes, 2018)<\/p>\n<p>De acuerdo con una encuesta realizada en Per\u00fa (ENDES 2014), 8 de cada 10 adolescentes que est\u00e1n embarazadas abandonan la escuela.<\/p>\n<p><strong>66% <\/strong>de las mujeres entre 15 y 49 a\u00f1os hab\u00eda sufrido <strong>alg\u00fan tipo de violencia por parte de su pareja<\/strong> seg\u00fan el INEI. Los departamentos que registraron valores m\u00e1s altos de violencia eran Cusco, Apur\u00edmac, Puno, Pasco y Jun\u00edn, que est\u00e1n todos en la regi\u00f3n andina.<\/p>\n<p>&nbsp;<\/p>\n<p><strong>Extra\u00eddo de:<\/strong><\/p>\n<p>Minedu, Ministerio de Educaci\u00f3n del Per\u00fa (2018). Pol\u00edtica de Atenci\u00f3n Educativa para la Poblaci\u00f3n de \u00c1mbitos Rurales. Lima: Minedu. Recuperado de: <a href=\"https:\/\/busquedas.elperuano.pe\/normaslegales\/decreto-supremo-que-aprueba-la-politica-de-atencion-educativ-decreto-supremo-n-013-2018-minedu-1723311-1\/\">https:\/\/busquedas.elperuano.pe\/normaslegales\/decreto-supremo-que-aprueba-la-politica-de-atencion-educativ-decreto-supremo-n-013-2018-minedu-1723311-1\/<\/a><\/p>\n","protected":false},"excerpt":{"rendered":"<p>Necesidades B\u00e1sicas Insatisfechas (NBI): Altos niveles de incidencia de hogares con viviendas sin servicios higi\u00e9nicos (22,7%), hogares con vivienda con hacinamiento con (8,1%), hogares con vivienda inadecuada (11,2%) (INEI: ENAHO 2016). Las zonas rurales tienen un escaso acceso a servicios b\u00e1sicos como el agua potable (68,9%), electricidad (78,9%) y saneamiento (44,7%); s\u00f3lo un 28.2% accede [&hellip;]<\/p>\n","protected":false},"author":1,"featured_media":0,"parent":14,"menu_order":7,"comment_status":"closed","ping_status":"closed","template":"","meta":{"footnotes":""},"class_list":["post-78","page","type-page","status-publish","hentry"],"acf":[],"yoast_head":"<!-- This site is optimized with the Yoast SEO plugin v26.9 - https:\/\/yoast.com\/product\/yoast-seo-wordpress\/ -->\n<title>Cifras sobre la educaci\u00f3n rural en el Per\u00fa - Proyecto CREER<\/title>\n<meta name=\"description\" content=\"Han habido muchos intentos valiosos pero los retos siguen estando presentes y en \u00e1reas rurales son de los m\u00e1s profundos en la educaci\u00f3n peruana. Aqu\u00ed las cifras m\u00e1s resaltantes.\" \/>\n<meta name=\"robots\" content=\"index, follow, max-snippet:-1, max-image-preview:large, max-video-preview:-1\" \/>\n<link rel=\"canonical\" href=\"https:\/\/www.grade.org.pe\/creer\/educacion-rural-en-el-peru\/cifras\/\" \/>\n<meta property=\"og:locale\" content=\"es_ES\" \/>\n<meta property=\"og:type\" content=\"article\" \/>\n<meta property=\"og:title\" content=\"Cifras sobre la educaci\u00f3n rural en el Per\u00fa - Proyecto CREER\" \/>\n<meta property=\"og:description\" content=\"Han habido muchos intentos valiosos pero los retos siguen estando presentes y en \u00e1reas rurales son de los m\u00e1s profundos en la educaci\u00f3n peruana. Aqu\u00ed las cifras m\u00e1s resaltantes.\" \/>\n<meta property=\"og:url\" content=\"https:\/\/www.grade.org.pe\/creer\/educacion-rural-en-el-peru\/cifras\/\" \/>\n<meta property=\"og:site_name\" content=\"Proyecto CREER\" \/>\n<meta property=\"article:publisher\" content=\"https:\/\/www.facebook.com\/creergrade\/\" \/>\n<meta property=\"article:modified_time\" content=\"2020-05-21T18:10:17+00:00\" \/>\n<meta name=\"twitter:card\" content=\"summary_large_image\" \/>\n<meta name=\"twitter:label1\" content=\"Tiempo de lectura\" \/>\n\t<meta name=\"twitter:data1\" content=\"6 minutos\" \/>\n<script type=\"application\/ld+json\" class=\"yoast-schema-graph\">{\"@context\":\"https:\/\/schema.org\",\"@graph\":[{\"@type\":\"WebPage\",\"@id\":\"https:\/\/www.grade.org.pe\/creer\/educacion-rural-en-el-peru\/cifras\/\",\"url\":\"https:\/\/www.grade.org.pe\/creer\/educacion-rural-en-el-peru\/cifras\/\",\"name\":\"Cifras sobre la educaci\u00f3n rural en el Per\u00fa - Proyecto CREER\",\"isPartOf\":{\"@id\":\"https:\/\/www.grade.org.pe\/creer\/#website\"},\"datePublished\":\"2019-12-10T14:10:43+00:00\",\"dateModified\":\"2020-05-21T18:10:17+00:00\",\"description\":\"Han habido muchos intentos valiosos pero los retos siguen estando presentes y en \u00e1reas rurales son de los m\u00e1s profundos en la educaci\u00f3n peruana. Aqu\u00ed las cifras m\u00e1s resaltantes.\",\"breadcrumb\":{\"@id\":\"https:\/\/www.grade.org.pe\/creer\/educacion-rural-en-el-peru\/cifras\/#breadcrumb\"},\"inLanguage\":\"es\",\"potentialAction\":[{\"@type\":\"ReadAction\",\"target\":[\"https:\/\/www.grade.org.pe\/creer\/educacion-rural-en-el-peru\/cifras\/\"]}]},{\"@type\":\"BreadcrumbList\",\"@id\":\"https:\/\/www.grade.org.pe\/creer\/educacion-rural-en-el-peru\/cifras\/#breadcrumb\",\"itemListElement\":[{\"@type\":\"ListItem\",\"position\":1,\"name\":\"Portada\",\"item\":\"https:\/\/www.grade.org.pe\/creer\/\"},{\"@type\":\"ListItem\",\"position\":2,\"name\":\"Educaci\u00f3n Rural en el Per\u00fa\",\"item\":\"https:\/\/www.grade.org.pe\/creer\/educacion-rural-en-el-peru\/\"},{\"@type\":\"ListItem\",\"position\":3,\"name\":\"Cifras sobre la educaci\u00f3n rural en el Per\u00fa\"}]},{\"@type\":\"WebSite\",\"@id\":\"https:\/\/www.grade.org.pe\/creer\/#website\",\"url\":\"https:\/\/www.grade.org.pe\/creer\/\",\"name\":\"Proyecto CREER\",\"description\":\"Creciendo con las Escuelas Rurales Multigrado del Per\u00fa\",\"publisher\":{\"@id\":\"https:\/\/www.grade.org.pe\/creer\/#organization\"},\"potentialAction\":[{\"@type\":\"SearchAction\",\"target\":{\"@type\":\"EntryPoint\",\"urlTemplate\":\"https:\/\/www.grade.org.pe\/creer\/?s={search_term_string}\"},\"query-input\":{\"@type\":\"PropertyValueSpecification\",\"valueRequired\":true,\"valueName\":\"search_term_string\"}}],\"inLanguage\":\"es\"},{\"@type\":\"Organization\",\"@id\":\"https:\/\/www.grade.org.pe\/creer\/#organization\",\"name\":\"Proyecto CREER\",\"url\":\"https:\/\/www.grade.org.pe\/creer\/\",\"logo\":{\"@type\":\"ImageObject\",\"inLanguage\":\"es\",\"@id\":\"https:\/\/www.grade.org.pe\/creer\/#\/schema\/logo\/image\/\",\"url\":\"https:\/\/www.grade.org.pe\/creer\/archivos\/logo-creer.png\",\"contentUrl\":\"https:\/\/www.grade.org.pe\/creer\/archivos\/logo-creer.png\",\"width\":802,\"height\":258,\"caption\":\"Proyecto CREER\"},\"image\":{\"@id\":\"https:\/\/www.grade.org.pe\/creer\/#\/schema\/logo\/image\/\"},\"sameAs\":[\"https:\/\/www.facebook.com\/creergrade\/\"]}]}<\/script>\n<!-- \/ Yoast SEO plugin. -->","yoast_head_json":{"title":"Cifras sobre la educaci\u00f3n rural en el Per\u00fa - Proyecto CREER","description":"Han habido muchos intentos valiosos pero los retos siguen estando presentes y en \u00e1reas rurales son de los m\u00e1s profundos en la educaci\u00f3n peruana. Aqu\u00ed las cifras m\u00e1s resaltantes.","robots":{"index":"index","follow":"follow","max-snippet":"max-snippet:-1","max-image-preview":"max-image-preview:large","max-video-preview":"max-video-preview:-1"},"canonical":"https:\/\/www.grade.org.pe\/creer\/educacion-rural-en-el-peru\/cifras\/","og_locale":"es_ES","og_type":"article","og_title":"Cifras sobre la educaci\u00f3n rural en el Per\u00fa - Proyecto CREER","og_description":"Han habido muchos intentos valiosos pero los retos siguen estando presentes y en \u00e1reas rurales son de los m\u00e1s profundos en la educaci\u00f3n peruana. Aqu\u00ed las cifras m\u00e1s resaltantes.","og_url":"https:\/\/www.grade.org.pe\/creer\/educacion-rural-en-el-peru\/cifras\/","og_site_name":"Proyecto CREER","article_publisher":"https:\/\/www.facebook.com\/creergrade\/","article_modified_time":"2020-05-21T18:10:17+00:00","twitter_card":"summary_large_image","twitter_misc":{"Tiempo de lectura":"6 minutos"},"schema":{"@context":"https:\/\/schema.org","@graph":[{"@type":"WebPage","@id":"https:\/\/www.grade.org.pe\/creer\/educacion-rural-en-el-peru\/cifras\/","url":"https:\/\/www.grade.org.pe\/creer\/educacion-rural-en-el-peru\/cifras\/","name":"Cifras sobre la educaci\u00f3n rural en el Per\u00fa - Proyecto CREER","isPartOf":{"@id":"https:\/\/www.grade.org.pe\/creer\/#website"},"datePublished":"2019-12-10T14:10:43+00:00","dateModified":"2020-05-21T18:10:17+00:00","description":"Han habido muchos intentos valiosos pero los retos siguen estando presentes y en \u00e1reas rurales son de los m\u00e1s profundos en la educaci\u00f3n peruana. Aqu\u00ed las cifras m\u00e1s resaltantes.","breadcrumb":{"@id":"https:\/\/www.grade.org.pe\/creer\/educacion-rural-en-el-peru\/cifras\/#breadcrumb"},"inLanguage":"es","potentialAction":[{"@type":"ReadAction","target":["https:\/\/www.grade.org.pe\/creer\/educacion-rural-en-el-peru\/cifras\/"]}]},{"@type":"BreadcrumbList","@id":"https:\/\/www.grade.org.pe\/creer\/educacion-rural-en-el-peru\/cifras\/#breadcrumb","itemListElement":[{"@type":"ListItem","position":1,"name":"Portada","item":"https:\/\/www.grade.org.pe\/creer\/"},{"@type":"ListItem","position":2,"name":"Educaci\u00f3n Rural en el Per\u00fa","item":"https:\/\/www.grade.org.pe\/creer\/educacion-rural-en-el-peru\/"},{"@type":"ListItem","position":3,"name":"Cifras sobre la educaci\u00f3n rural en el Per\u00fa"}]},{"@type":"WebSite","@id":"https:\/\/www.grade.org.pe\/creer\/#website","url":"https:\/\/www.grade.org.pe\/creer\/","name":"Proyecto CREER","description":"Creciendo con las Escuelas Rurales Multigrado del Per\u00fa","publisher":{"@id":"https:\/\/www.grade.org.pe\/creer\/#organization"},"potentialAction":[{"@type":"SearchAction","target":{"@type":"EntryPoint","urlTemplate":"https:\/\/www.grade.org.pe\/creer\/?s={search_term_string}"},"query-input":{"@type":"PropertyValueSpecification","valueRequired":true,"valueName":"search_term_string"}}],"inLanguage":"es"},{"@type":"Organization","@id":"https:\/\/www.grade.org.pe\/creer\/#organization","name":"Proyecto CREER","url":"https:\/\/www.grade.org.pe\/creer\/","logo":{"@type":"ImageObject","inLanguage":"es","@id":"https:\/\/www.grade.org.pe\/creer\/#\/schema\/logo\/image\/","url":"https:\/\/www.grade.org.pe\/creer\/archivos\/logo-creer.png","contentUrl":"https:\/\/www.grade.org.pe\/creer\/archivos\/logo-creer.png","width":802,"height":258,"caption":"Proyecto CREER"},"image":{"@id":"https:\/\/www.grade.org.pe\/creer\/#\/schema\/logo\/image\/"},"sameAs":["https:\/\/www.facebook.com\/creergrade\/"]}]}},"_links":{"self":[{"href":"https:\/\/www.grade.org.pe\/creer\/wp-json\/wp\/v2\/pages\/78","targetHints":{"allow":["GET"]}}],"collection":[{"href":"https:\/\/www.grade.org.pe\/creer\/wp-json\/wp\/v2\/pages"}],"about":[{"href":"https:\/\/www.grade.org.pe\/creer\/wp-json\/wp\/v2\/types\/page"}],"author":[{"embeddable":true,"href":"https:\/\/www.grade.org.pe\/creer\/wp-json\/wp\/v2\/users\/1"}],"replies":[{"embeddable":true,"href":"https:\/\/www.grade.org.pe\/creer\/wp-json\/wp\/v2\/comments?post=78"}],"version-history":[{"count":23,"href":"https:\/\/www.grade.org.pe\/creer\/wp-json\/wp\/v2\/pages\/78\/revisions"}],"predecessor-version":[{"id":391,"href":"https:\/\/www.grade.org.pe\/creer\/wp-json\/wp\/v2\/pages\/78\/revisions\/391"}],"up":[{"embeddable":true,"href":"https:\/\/www.grade.org.pe\/creer\/wp-json\/wp\/v2\/pages\/14"}],"wp:attachment":[{"href":"https:\/\/www.grade.org.pe\/creer\/wp-json\/wp\/v2\/media?parent=78"}],"curies":[{"name":"wp","href":"https:\/\/api.w.org\/{rel}","templated":true}]}}