{"id":76,"date":"2019-12-10T09:10:19","date_gmt":"2019-12-10T14:10:19","guid":{"rendered":"http:\/\/www.grade.org.pe\/creer\/?page_id=76"},"modified":"2020-05-21T13:09:06","modified_gmt":"2020-05-21T18:09:06","slug":"antecedentes","status":"publish","type":"page","link":"https:\/\/www.grade.org.pe\/creer\/educacion-rural-en-el-peru\/antecedentes\/","title":{"rendered":"\u00bfQu\u00e9 se ha hecho antes?"},"content":{"rendered":"","protected":false},"excerpt":{"rendered":"","protected":false},"author":1,"featured_media":0,"parent":14,"menu_order":6,"comment_status":"closed","ping_status":"closed","template":"","meta":{"footnotes":""},"class_list":["post-76","page","type-page","status-publish","hentry"],"acf":[],"yoast_head":"<!-- This site is optimized with the Yoast SEO plugin v26.9 - https:\/\/yoast.com\/product\/yoast-seo-wordpress\/ -->\n<title>\u00bfQu\u00e9 se ha hecho antes? - Proyecto CREER<\/title>\n<meta name=\"description\" content=\"Desde 1988 a la fecha: Proyecto de Formaci\u00f3n de Maestros Biling\u00fces de la Amazonia (FORMABIAP) \/ Proyecto Escuelas Rurales Andinas (ERA) \/ MECEP \/ Fe y Alegr\u00eda \/ Secretaria T\u00e9cnica de Educaci\u00f3n Rural \/ Redes Educativas Rurales \/ Proyecto de Educaci\u00f3n en \u00c1reas Rurales (PEAR) \/ Ley de Fomento de la Educaci\u00f3n de las Ni\u00f1as y Adolescentes Rurales \u2013 Ley N\u00ba 27558 \/ PROMEB \/ APRENDES - SUMA \/ Escuelas Exitosas\" \/>\n<meta name=\"robots\" content=\"index, follow, max-snippet:-1, max-image-preview:large, max-video-preview:-1\" \/>\n<link rel=\"canonical\" href=\"https:\/\/www.grade.org.pe\/creer\/educacion-rural-en-el-peru\/antecedentes\/\" \/>\n<meta property=\"og:locale\" content=\"es_ES\" \/>\n<meta property=\"og:type\" content=\"article\" \/>\n<meta property=\"og:title\" content=\"\u00bfQu\u00e9 se ha hecho antes? - Proyecto CREER\" \/>\n<meta property=\"og:description\" content=\"Desde 1988 a la fecha: Proyecto de Formaci\u00f3n de Maestros Biling\u00fces de la Amazonia (FORMABIAP) \/ Proyecto Escuelas Rurales Andinas (ERA) \/ MECEP \/ Fe y Alegr\u00eda \/ Secretaria T\u00e9cnica de Educaci\u00f3n Rural \/ Redes Educativas Rurales \/ Proyecto de Educaci\u00f3n en \u00c1reas Rurales (PEAR) \/ Ley de Fomento de la Educaci\u00f3n de las Ni\u00f1as y Adolescentes Rurales \u2013 Ley N\u00ba 27558 \/ PROMEB \/ APRENDES - SUMA \/ Escuelas Exitosas\" \/>\n<meta property=\"og:url\" content=\"https:\/\/www.grade.org.pe\/creer\/educacion-rural-en-el-peru\/antecedentes\/\" \/>\n<meta property=\"og:site_name\" content=\"Proyecto CREER\" \/>\n<meta property=\"article:publisher\" content=\"https:\/\/www.facebook.com\/creergrade\/\" \/>\n<meta property=\"article:modified_time\" content=\"2020-05-21T18:09:06+00:00\" \/>\n<meta name=\"twitter:card\" content=\"summary_large_image\" \/>\n<script type=\"application\/ld+json\" class=\"yoast-schema-graph\">{\"@context\":\"https:\/\/schema.org\",\"@graph\":[{\"@type\":\"WebPage\",\"@id\":\"https:\/\/www.grade.org.pe\/creer\/educacion-rural-en-el-peru\/antecedentes\/\",\"url\":\"https:\/\/www.grade.org.pe\/creer\/educacion-rural-en-el-peru\/antecedentes\/\",\"name\":\"\u00bfQu\u00e9 se ha hecho antes? - Proyecto CREER\",\"isPartOf\":{\"@id\":\"https:\/\/www.grade.org.pe\/creer\/#website\"},\"datePublished\":\"2019-12-10T14:10:19+00:00\",\"dateModified\":\"2020-05-21T18:09:06+00:00\",\"description\":\"Desde 1988 a la fecha: Proyecto de Formaci\u00f3n de Maestros Biling\u00fces de la Amazonia (FORMABIAP) \/ Proyecto Escuelas Rurales Andinas (ERA) \/ MECEP \/ Fe y Alegr\u00eda \/ Secretaria T\u00e9cnica de Educaci\u00f3n Rural \/ Redes Educativas Rurales \/ Proyecto de Educaci\u00f3n en \u00c1reas Rurales (PEAR) \/ Ley de Fomento de la Educaci\u00f3n de las Ni\u00f1as y Adolescentes Rurales \u2013 Ley N\u00ba 27558 \/ PROMEB \/ APRENDES - SUMA \/ Escuelas Exitosas\",\"breadcrumb\":{\"@id\":\"https:\/\/www.grade.org.pe\/creer\/educacion-rural-en-el-peru\/antecedentes\/#breadcrumb\"},\"inLanguage\":\"es\",\"potentialAction\":[{\"@type\":\"ReadAction\",\"target\":[\"https:\/\/www.grade.org.pe\/creer\/educacion-rural-en-el-peru\/antecedentes\/\"]}]},{\"@type\":\"BreadcrumbList\",\"@id\":\"https:\/\/www.grade.org.pe\/creer\/educacion-rural-en-el-peru\/antecedentes\/#breadcrumb\",\"itemListElement\":[{\"@type\":\"ListItem\",\"position\":1,\"name\":\"Portada\",\"item\":\"https:\/\/www.grade.org.pe\/creer\/\"},{\"@type\":\"ListItem\",\"position\":2,\"name\":\"Educaci\u00f3n Rural en el Per\u00fa\",\"item\":\"https:\/\/www.grade.org.pe\/creer\/educacion-rural-en-el-peru\/\"},{\"@type\":\"ListItem\",\"position\":3,\"name\":\"\u00bfQu\u00e9 se ha hecho antes?\"}]},{\"@type\":\"WebSite\",\"@id\":\"https:\/\/www.grade.org.pe\/creer\/#website\",\"url\":\"https:\/\/www.grade.org.pe\/creer\/\",\"name\":\"Proyecto CREER\",\"description\":\"Creciendo con las Escuelas Rurales Multigrado del Per\u00fa\",\"publisher\":{\"@id\":\"https:\/\/www.grade.org.pe\/creer\/#organization\"},\"potentialAction\":[{\"@type\":\"SearchAction\",\"target\":{\"@type\":\"EntryPoint\",\"urlTemplate\":\"https:\/\/www.grade.org.pe\/creer\/?s={search_term_string}\"},\"query-input\":{\"@type\":\"PropertyValueSpecification\",\"valueRequired\":true,\"valueName\":\"search_term_string\"}}],\"inLanguage\":\"es\"},{\"@type\":\"Organization\",\"@id\":\"https:\/\/www.grade.org.pe\/creer\/#organization\",\"name\":\"Proyecto CREER\",\"url\":\"https:\/\/www.grade.org.pe\/creer\/\",\"logo\":{\"@type\":\"ImageObject\",\"inLanguage\":\"es\",\"@id\":\"https:\/\/www.grade.org.pe\/creer\/#\/schema\/logo\/image\/\",\"url\":\"https:\/\/www.grade.org.pe\/creer\/archivos\/logo-creer.png\",\"contentUrl\":\"https:\/\/www.grade.org.pe\/creer\/archivos\/logo-creer.png\",\"width\":802,\"height\":258,\"caption\":\"Proyecto CREER\"},\"image\":{\"@id\":\"https:\/\/www.grade.org.pe\/creer\/#\/schema\/logo\/image\/\"},\"sameAs\":[\"https:\/\/www.facebook.com\/creergrade\/\"]}]}<\/script>\n<!-- \/ Yoast SEO plugin. -->","yoast_head_json":{"title":"\u00bfQu\u00e9 se ha hecho antes? - Proyecto CREER","description":"Desde 1988 a la fecha: Proyecto de Formaci\u00f3n de Maestros Biling\u00fces de la Amazonia (FORMABIAP) \/ Proyecto Escuelas Rurales Andinas (ERA) \/ MECEP \/ Fe y Alegr\u00eda \/ Secretaria T\u00e9cnica de Educaci\u00f3n Rural \/ Redes Educativas Rurales \/ Proyecto de Educaci\u00f3n en \u00c1reas Rurales (PEAR) \/ Ley de Fomento de la Educaci\u00f3n de las Ni\u00f1as y Adolescentes Rurales \u2013 Ley N\u00ba 27558 \/ PROMEB \/ APRENDES - SUMA \/ Escuelas Exitosas","robots":{"index":"index","follow":"follow","max-snippet":"max-snippet:-1","max-image-preview":"max-image-preview:large","max-video-preview":"max-video-preview:-1"},"canonical":"https:\/\/www.grade.org.pe\/creer\/educacion-rural-en-el-peru\/antecedentes\/","og_locale":"es_ES","og_type":"article","og_title":"\u00bfQu\u00e9 se ha hecho antes? - Proyecto CREER","og_description":"Desde 1988 a la fecha: Proyecto de Formaci\u00f3n de Maestros Biling\u00fces de la Amazonia (FORMABIAP) \/ Proyecto Escuelas Rurales Andinas (ERA) \/ MECEP \/ Fe y Alegr\u00eda \/ Secretaria T\u00e9cnica de Educaci\u00f3n Rural \/ Redes Educativas Rurales \/ Proyecto de Educaci\u00f3n en \u00c1reas Rurales (PEAR) \/ Ley de Fomento de la Educaci\u00f3n de las Ni\u00f1as y Adolescentes Rurales \u2013 Ley N\u00ba 27558 \/ PROMEB \/ APRENDES - SUMA \/ Escuelas Exitosas","og_url":"https:\/\/www.grade.org.pe\/creer\/educacion-rural-en-el-peru\/antecedentes\/","og_site_name":"Proyecto CREER","article_publisher":"https:\/\/www.facebook.com\/creergrade\/","article_modified_time":"2020-05-21T18:09:06+00:00","twitter_card":"summary_large_image","schema":{"@context":"https:\/\/schema.org","@graph":[{"@type":"WebPage","@id":"https:\/\/www.grade.org.pe\/creer\/educacion-rural-en-el-peru\/antecedentes\/","url":"https:\/\/www.grade.org.pe\/creer\/educacion-rural-en-el-peru\/antecedentes\/","name":"\u00bfQu\u00e9 se ha hecho antes? - Proyecto CREER","isPartOf":{"@id":"https:\/\/www.grade.org.pe\/creer\/#website"},"datePublished":"2019-12-10T14:10:19+00:00","dateModified":"2020-05-21T18:09:06+00:00","description":"Desde 1988 a la fecha: Proyecto de Formaci\u00f3n de Maestros Biling\u00fces de la Amazonia (FORMABIAP) \/ Proyecto Escuelas Rurales Andinas (ERA) \/ MECEP \/ Fe y Alegr\u00eda \/ Secretaria T\u00e9cnica de Educaci\u00f3n Rural \/ Redes Educativas Rurales \/ Proyecto de Educaci\u00f3n en \u00c1reas Rurales (PEAR) \/ Ley de Fomento de la Educaci\u00f3n de las Ni\u00f1as y Adolescentes Rurales \u2013 Ley N\u00ba 27558 \/ PROMEB \/ APRENDES - SUMA \/ Escuelas Exitosas","breadcrumb":{"@id":"https:\/\/www.grade.org.pe\/creer\/educacion-rural-en-el-peru\/antecedentes\/#breadcrumb"},"inLanguage":"es","potentialAction":[{"@type":"ReadAction","target":["https:\/\/www.grade.org.pe\/creer\/educacion-rural-en-el-peru\/antecedentes\/"]}]},{"@type":"BreadcrumbList","@id":"https:\/\/www.grade.org.pe\/creer\/educacion-rural-en-el-peru\/antecedentes\/#breadcrumb","itemListElement":[{"@type":"ListItem","position":1,"name":"Portada","item":"https:\/\/www.grade.org.pe\/creer\/"},{"@type":"ListItem","position":2,"name":"Educaci\u00f3n Rural en el Per\u00fa","item":"https:\/\/www.grade.org.pe\/creer\/educacion-rural-en-el-peru\/"},{"@type":"ListItem","position":3,"name":"\u00bfQu\u00e9 se ha hecho antes?"}]},{"@type":"WebSite","@id":"https:\/\/www.grade.org.pe\/creer\/#website","url":"https:\/\/www.grade.org.pe\/creer\/","name":"Proyecto CREER","description":"Creciendo con las Escuelas Rurales Multigrado del Per\u00fa","publisher":{"@id":"https:\/\/www.grade.org.pe\/creer\/#organization"},"potentialAction":[{"@type":"SearchAction","target":{"@type":"EntryPoint","urlTemplate":"https:\/\/www.grade.org.pe\/creer\/?s={search_term_string}"},"query-input":{"@type":"PropertyValueSpecification","valueRequired":true,"valueName":"search_term_string"}}],"inLanguage":"es"},{"@type":"Organization","@id":"https:\/\/www.grade.org.pe\/creer\/#organization","name":"Proyecto CREER","url":"https:\/\/www.grade.org.pe\/creer\/","logo":{"@type":"ImageObject","inLanguage":"es","@id":"https:\/\/www.grade.org.pe\/creer\/#\/schema\/logo\/image\/","url":"https:\/\/www.grade.org.pe\/creer\/archivos\/logo-creer.png","contentUrl":"https:\/\/www.grade.org.pe\/creer\/archivos\/logo-creer.png","width":802,"height":258,"caption":"Proyecto CREER"},"image":{"@id":"https:\/\/www.grade.org.pe\/creer\/#\/schema\/logo\/image\/"},"sameAs":["https:\/\/www.facebook.com\/creergrade\/"]}]}},"_links":{"self":[{"href":"https:\/\/www.grade.org.pe\/creer\/wp-json\/wp\/v2\/pages\/76","targetHints":{"allow":["GET"]}}],"collection":[{"href":"https:\/\/www.grade.org.pe\/creer\/wp-json\/wp\/v2\/pages"}],"about":[{"href":"https:\/\/www.grade.org.pe\/creer\/wp-json\/wp\/v2\/types\/page"}],"author":[{"embeddable":true,"href":"https:\/\/www.grade.org.pe\/creer\/wp-json\/wp\/v2\/users\/1"}],"replies":[{"embeddable":true,"href":"https:\/\/www.grade.org.pe\/creer\/wp-json\/wp\/v2\/comments?post=76"}],"version-history":[{"count":5,"href":"https:\/\/www.grade.org.pe\/creer\/wp-json\/wp\/v2\/pages\/76\/revisions"}],"predecessor-version":[{"id":345,"href":"https:\/\/www.grade.org.pe\/creer\/wp-json\/wp\/v2\/pages\/76\/revisions\/345"}],"up":[{"embeddable":true,"href":"https:\/\/www.grade.org.pe\/creer\/wp-json\/wp\/v2\/pages\/14"}],"wp:attachment":[{"href":"https:\/\/www.grade.org.pe\/creer\/wp-json\/wp\/v2\/media?parent=76"}],"curies":[{"name":"wp","href":"https:\/\/api.w.org\/{rel}","templated":true}]}}